{"id":7,"date":"2020-02-13T10:10:19","date_gmt":"2020-02-13T09:10:19","guid":{"rendered":"http:\/\/arnet.gdansk.pl\/?page_id=7"},"modified":"2020-03-09T09:01:39","modified_gmt":"2020-03-09T08:01:39","slug":"o-firmie","status":"publish","type":"page","link":"https:\/\/arnet.gdansk.pl\/","title":{"rendered":"O FIRMIE"},"content":{"rendered":"\n<p><strong>Nasza firma powsta\u0142a w 2002 roku. Dzia\u0142amy na terenie wojew\u00f3dztwa pomorskiego. Specjalizujemy si\u0119 w dostawach materia\u0142\u00f3w i urz\u0105dze\u0144 elektrotechnicznych na okr\u0119ty oraz jednostki p\u0142ywaj\u0105ce.<\/strong><\/p>\n\n\n\n<p>Od lat posiadamy sta\u0142ych, sprawdzonych odbiorc\u00f3w, zadowolonych z oferowanego przez Nas asortymentu.<br>Prowadzimy sprzeda\u017c hurtow\u0105 i detaliczn\u0105 artyku\u0142\u00f3w elektrycznych, proponuj\u0105c osprz\u0119t elektroinstalacyjny, o\u015bwietleniowy i halogenowy, aparatur\u0119 modu\u0142ow\u0105, przewody, obudowy i rozdzielnie elektryczne.<\/p>\n\n\n\n<p>Istotnym faktem jest to, \u017ce dostawcami sprzedawanych przez nas artyku\u0142\u00f3w s\u0105 renomowani producenci krajowi i zagraniczni co sprawia, \u017ce proponowany przez Nas towar jest najwy\u017cszej jako\u015bci.<\/p>\n\n\n\n<p>Je\u017celi do\u0142\u0105czy\u0107 profesjonalizm naszych pracownik\u00f3w, tak w dziedzinie reprezentowanej bran\u017cy jak i w przypadku obs\u0142ugi klienta, a ponadto solidno\u015b\u0107 w kwestii zam\u00f3wie\u0144 wesp\u00f3\u0142 z kr\u00f3tkimi terminami ich realizacji, \u015bwiadczy\u0107 to mo\u017ce, i\u017c jeste\u015bmy pewnym, sta\u0142ym i godnym zaufania partnerem handlowym.<\/p>\n\n\n\n<p>Jeste\u015bmy dystrybutorem, subdystrybutorem a tak\u017ce partnerem handlowym nast\u0119puj\u0105cych firm.\n\n<\/p>\n\n\n\n<figure class=\"wp-block-image size-large\"><a href=\"https:\/\/wizytowka.rzetelnafirma.pl\/7GK5UFND\"><img decoding=\"async\" loading=\"lazy\" width=\"160\" height=\"75\" src=\"https:\/\/arnet.gdansk.pl\/wp-content\/uploads\/2020\/02\/7GK5UFND.png\" alt=\"\" class=\"wp-image-37\"\/><\/a><\/figure>\n","protected":false},"excerpt":{"rendered":"<p>Nasza firma powsta\u0142a w 2002 roku. Dzia\u0142amy na terenie wojew\u00f3dztwa pomorskiego. Specjalizujemy si\u0119 w dostawach materia\u0142\u00f3w i urz\u0105dze\u0144 elektrotechnicznych na okr\u0119ty oraz jednostki p\u0142ywaj\u0105ce. Od lat posiadamy sta\u0142ych, sprawdzonych odbiorc\u00f3w, zadowolonych z oferowanego przez Nas asortymentu.Prowadzimy sprzeda\u017c hurtow\u0105 i detaliczn\u0105 artyku\u0142\u00f3w elektrycznych, proponuj\u0105c osprz\u0119t elektroinstalacyjny, o\u015bwietleniowy i halogenowy, aparatur\u0119 modu\u0142ow\u0105, przewody, obudowy i rozdzielnie elektryczne. [&hellip;]<\/p>\n","protected":false},"author":1,"featured_media":0,"parent":0,"menu_order":0,"comment_status":"closed","ping_status":"closed","template":"","meta":[],"acf":[],"_links":{"self":[{"href":"https:\/\/arnet.gdansk.pl\/index.php\/wp-json\/wp\/v2\/pages\/7"}],"collection":[{"href":"https:\/\/arnet.gdansk.pl\/index.php\/wp-json\/wp\/v2\/pages"}],"about":[{"href":"https:\/\/arnet.gdansk.pl\/index.php\/wp-json\/wp\/v2\/types\/page"}],"author":[{"embeddable":true,"href":"https:\/\/arnet.gdansk.pl\/index.php\/wp-json\/wp\/v2\/users\/1"}],"replies":[{"embeddable":true,"href":"https:\/\/arnet.gdansk.pl\/index.php\/wp-json\/wp\/v2\/comments?post=7"}],"version-history":[{"count":4,"href":"https:\/\/arnet.gdansk.pl\/index.php\/wp-json\/wp\/v2\/pages\/7\/revisions"}],"predecessor-version":[{"id":57,"href":"https:\/\/arnet.gdansk.pl\/index.php\/wp-json\/wp\/v2\/pages\/7\/revisions\/57"}],"wp:attachment":[{"href":"https:\/\/arnet.gdansk.pl\/index.php\/wp-json\/wp\/v2\/media?parent=7"}],"curies":[{"name":"wp","href":"https:\/\/api.w.org\/{rel}","templated":true}]}}